{"id":3723,"date":"2020-01-03T14:31:12","date_gmt":"2020-01-03T07:31:12","guid":{"rendered":"https:\/\/www.jafico.tokyo\/job-view\/?page_id=3723"},"modified":"2020-01-10T08:54:37","modified_gmt":"2020-01-10T01:54:37","slug":"privacy","status":"publish","type":"page","link":"https:\/\/www.jafico.tokyo\/job-view\/privacy\/","title":{"rendered":"Ch\u00ednh s\u00e1ch b\u1ea3o m\u1eadt th\u00f4ng tin"},"content":{"rendered":"<div class=\"wpb-content-wrapper\"><p>[vc_row][vc_column][vc_row_inner][vc_column_inner][vc_column_text]\u0110\u00e2y l\u00e0 trang gi\u1ea3i th\u00edch v\u1ec1 ch\u00ednh s\u00e1ch thu th\u1eadp, s\u1eed d\u1ee5ng th\u00f4ng tin ng\u01b0\u1eddi d\u00f9ng c\u1ee7a JAFICO. <strong>Ng\u00e0y \u0111\u0103ng t\u1ea3i: 3\/1\/2020<\/strong><\/p>\n<h2 id=\"outline__1\">\u274f T\u01b0 li\u1ec7u, n\u1ed9i dung b\u00e0i vi\u1ebft s\u1eed d\u1ee5ng trong blog<\/h2>\n<p>V\u1ec1 c\u01a1 b\u1ea3n t\u01b0 li\u1ec7u h\u00ecnh \u1ea3nh, n\u1ed9i dung b\u00e0i vi\u1ebft \u0111\u01b0\u1ee3c \u0111\u0103ng t\u1ea3i tr\u00ean blog c\u1ee7a JAFICO thu\u1ed9c b\u1ea3n quy\u1ec1n c\u1ee7a JAFICO.<\/p>\n<p>Nh\u1eefng t\u01b0 li\u1ec7u h\u00ecnh \u1ea3nh \u0111\u01b0\u1ee3c tr\u00edch d\u1eabn t\u1eeb b\u00ean ngo\u00e0i lu\u00f4n \u0111\u01b0\u1ee3c ghi r\u00f5 ngu\u1ed3n g\u1ed1c tr\u00edch d\u1eabn.<\/p>\n<p>Ch\u00fang t\u00f4i nghi\u00eam c\u1ea5m vi\u1ec7c sao ch\u00e9p d\u01b0\u1edbi m\u1ecdi h\u00ecnh th\u1ee9c v\u00e0 s\u1eed d\u1ee5ng t\u01b0 li\u1ec7u c\u1ee7a JAFICO v\u1edbi b\u1ea5t k\u00ec m\u1ee5c \u0111\u00edch n\u00e0o khi ch\u01b0a \u0111\u01b0\u1ee3c s\u1ef1 \u0111\u1ed3ng thu\u1eadn c\u1ee7a JAFICO.<\/p>\n<p>\u203bTr\u00ean th\u1ef1c t\u1ebf \u0111\u00e3 ph\u00e1t hi\u1ec7n m\u1ed9t v\u00e0i tr\u01b0\u1eddng h\u1ee3p gi\u1ea3 m\u1ea1o danh ngh\u0129a JAFICO t\u1ea1o trang web \u0111\u1ec3 \u0111\u0103ng tuy\u1ec3n l\u1eeba \u0111\u1ea3o.<\/p>\n<p>Chi ti\u1ebft b\u1ea1n \u0111\u1ecdc xem t\u1ea1i \u0111\u00e2y:<span style=\"font-size: 10pt;\">\u00a0<a href=\"https:\/\/www.jafico.tokyo\/job-view\/news\/3636\">TH\u00d4NG B\u00c1O C\u1ea2NH GI\u00c1C WEBSITE GI\u1ea2 M\u1ea0O, S\u1eec D\u1ee4NG TR\u00c1I PH\u00c9P H\u00ccNH \u1ea2NH C\u1ee6A JAFICO<\/a><\/span><\/p>\n<h2 id=\"outline__2\"><img loading=\"lazy\" decoding=\"async\" class=\"aligncenter wp-image-3683\" src=\"https:\/\/www.jafico.tokyo\/job-view\/media-091\/wp-content\/uploads\/2020\/01\/80883319_1168548576684413_1901345282788950016_n_jpg_and_81682031_579808502851390_5574305076995948544_n_jpg_and_Messenger.png\" alt=\"\" width=\"600\" height=\"429\" \/><\/h2>\n<p>&nbsp;<\/p>\n<h2 id=\"outline__3\">\u274f Ch\u00ednh s\u00e1ch thu th\u1eadp v\u00e0 b\u1ea3o m\u1eadt th\u00f4ng tin c\u00e1 nh\u00e2n c\u1ee7a \u1ee9ng vi\u00ean<\/h2>\n<h3 id=\"outline__3_1\"><span style=\"font-size: 12pt;\">\u25cf<\/span>Thu th\u1eadp th\u00f4ng tin<\/h3>\n<p>Ch\u00fang t\u00f4i thu th\u1eadp th\u00f4ng tin d\u1ef1a tr\u00ean s\u1ef1 t\u1ef1 nguy\u1ec7n cung c\u1ea5p c\u1ee7a \u1ee9ng vi\u00ean, th\u00f4ng qua ph\u01b0\u01a1ng th\u1ee9c \u0111\u0103ng k\u00fd \u1ee9ng tuy\u1ec3n.<\/p>\n<p>To\u00e0n b\u1ed9 c\u00e1c th\u00f4ng tin c\u00e1 nh\u00e2n do \u1ee9ng vi\u00ean cung c\u1ea5p khi \u0111\u0103ng k\u00fd form \u1ee9ng tuy\u1ec3n g\u1ed3m c\u00f3:<\/p>\n<ul>\n<li>Th\u00f4ng tin b\u1eaft bu\u1ed9c: H\u1ecd t\u00ean, s\u1ed1 \u0111i\u1ec7n tho\u1ea1i di \u0111\u1ed9ng, email, \u0111\u1ecba ch\u1ec9, b\u1eadc h\u1ecdc cao nh\u1ea5t, CV<\/li>\n<li>V\u00e0 m\u1ed9t s\u1ed1 th\u00f4ng tin kh\u00f4ng b\u1eaft bu\u1ed9c kh\u00e1c<\/li>\n<\/ul>\n<h3 id=\"outline__3_2\"><span style=\"font-size: 12pt;\">\u25cf<\/span>M\u1ee5c \u0111\u00edch s\u1eed d\u1ee5ng th\u00f4ng tin \u1ee9ng vi\u00ean<\/h3>\n<p>JAFICO ch\u1ec9 s\u1eed d\u1ee5ng th\u00f4ng tin \u1ee9ng vi\u00ean cung c\u1ea5p v\u1edbi m\u1ee5c \u0111\u00edch qu\u1ea3n l\u00fd tr\u00ean h\u1ec7 th\u1ed1ng v\u00e0 s\u1eed d\u1ee5ng trong qu\u00e1 tr\u00ecnh gi\u1edbi thi\u1ec7u vi\u1ec7c l\u00e0m cho \u1ee9ng vi\u00ean.<\/p>\n<p>To\u00e0n b\u1ed9 th\u00f4ng tin c\u00e1 nh\u00e2n c\u1ee7a \u1ee9ng vi\u00ean s\u1ebd \u0111\u01b0\u1ee3c gi\u1eef b\u1ea3o m\u1eadt v\u00e0 kh\u00f4ng c\u00f4ng khai tr\u00ean c\u00e1c ph\u01b0\u01a1ng ti\u1ec7n m\u1ea1ng x\u00e3 h\u1ed9i , truy\u1ec1n th\u00f4ng khi ch\u01b0a \u0111\u01b0\u1ee3c s\u1ef1 \u0111\u1ed3ng \u00fd c\u1ee7a \u1ee9ng vi\u00ean.<\/p>\n<h3 id=\"outline__3_3\"><span style=\"font-size: 12pt;\">\u25cf<\/span>Th\u00f4ng tin b\u1ea1n chia s\u1ebb<\/h3>\n<p>Ch\u00fang t\u00f4i ch\u1ea5p nh\u1eadn vi\u1ec7c \u1ee9ng vi\u00ean chia s\u1ebb m\u1ed9t c\u00e1ch c\u00f4ng khai v\u1edbi m\u1ee5c \u0111\u00edch thi\u1ec7n ch\u00ed c\u00e1c th\u00f4ng tin \u0111\u0103ng t\u1ea3i tr\u00ean blog c\u1ee7a JAFICO. Nghi\u00eam c\u1ea5m m\u1ecdi h\u00e0nh vi b\u00f4i x\u1ea5u, chia s\u1ebb sai s\u1ef1 th\u1eadt v\u1ec1 JAFICO ho\u1eb7c s\u1eed d\u1ee5ng c\u00e1c th\u00f4ng tin v\u1edbi m\u1ee5c \u0111\u00edch x\u1ea5u nh\u1eb1m tr\u1ee5c l\u1ee3i t\u1eeb \u1ee9ng vi\u00ean, g\u00e2y t\u1ed5n h\u1ea1i uy t\u00edn c\u1ee7a JAFICO, vi ph\u1ea1m ph\u00e1p lu\u1eadt.<\/p>\n<h3 id=\"outline__3_4\"><span style=\"font-size: 12pt;\">\u25cf<\/span>Ch\u00ednh s\u00e1ch b\u1ea3o m\u1eadt<\/h3>\n<p>Ch\u00fang t\u00f4i c\u00f3 s\u1eed d\u1ee5ng SSL \u0111\u1ec3 b\u1ea3o m\u1eadt cho trang blog, \u0111\u1ed3ng th\u1eddi \u00e1p d\u1ee5ng ch\u1ee9c n\u0103ng disable right click (kh\u00f4ng click chu\u1ed9t ph\u1ea3i) \u0111\u1ec3 tr\u00e1nh vi\u1ec7c sao ch\u00e9p th\u00f4ng tin.[\/vc_column_text][\/vc_column_inner][\/vc_row_inner][\/vc_column][\/vc_row]<\/p>\n<\/div>","protected":false},"excerpt":{"rendered":"<p>[vc_row][vc_column][vc_row_inner][vc_column_inner][vc_column_text]\u0110\u00e2y l\u00e0 trang gi\u1ea3i th\u00edch v\u1ec1 ch\u00ednh s\u00e1ch thu th [&hellip;]<\/p>\n","protected":false},"author":1,"featured_media":0,"parent":0,"menu_order":0,"comment_status":"closed","ping_status":"closed","template":"page-sub.php","meta":{"amp_status":"","footnotes":""},"class_list":["post-3723","page","type-page","status-publish","hentry"],"_links":{"self":[{"href":"https:\/\/www.jafico.tokyo\/job-view\/wp-json\/wp\/v2\/pages\/3723","targetHints":{"allow":["GET"]}}],"collection":[{"href":"https:\/\/www.jafico.tokyo\/job-view\/wp-json\/wp\/v2\/pages"}],"about":[{"href":"https:\/\/www.jafico.tokyo\/job-view\/wp-json\/wp\/v2\/types\/page"}],"author":[{"embeddable":true,"href":"https:\/\/www.jafico.tokyo\/job-view\/wp-json\/wp\/v2\/users\/1"}],"replies":[{"embeddable":true,"href":"https:\/\/www.jafico.tokyo\/job-view\/wp-json\/wp\/v2\/comments?post=3723"}],"version-history":[{"count":19,"href":"https:\/\/www.jafico.tokyo\/job-view\/wp-json\/wp\/v2\/pages\/3723\/revisions"}],"predecessor-version":[{"id":3873,"href":"https:\/\/www.jafico.tokyo\/job-view\/wp-json\/wp\/v2\/pages\/3723\/revisions\/3873"}],"wp:attachment":[{"href":"https:\/\/www.jafico.tokyo\/job-view\/wp-json\/wp\/v2\/media?parent=3723"}],"curies":[{"name":"wp","href":"https:\/\/api.w.org\/{rel}","templated":true}]}}