{"id":2204,"date":"2019-07-05T10:11:00","date_gmt":"2019-07-05T03:11:00","guid":{"rendered":"https:\/\/www.jafico.tokyo\/job-view\/log-in\/"},"modified":"2019-07-05T10:11:00","modified_gmt":"2019-07-05T03:11:00","slug":"log-in","status":"publish","type":"page","link":"https:\/\/www.jafico.tokyo\/job-view\/log-in\/","title":{"rendered":"Log In"},"content":{"rendered":"<!-- Custom Login form built with the ProfilePress WordPress plugin - https:\/\/profilepress.net -->\r\n\r\n <style type=\"text\/css\">\r\n\/* css class for the login generated errors *\/\r\n\r\n.profilepress-login-status {\r\n\r\n    background-color: #34495e;\r\n    color: #ffffff;\r\n    border: medium none;\r\n    border-radius: 4px;\r\n    font-size: 15px;\r\n    font-weight: normal;\r\n    line-height: 1.4;\r\n    padding: 8px 5px;\r\n    margin:4px 0;\r\n    transition: border 0.25s linear 0s, color 0.25s linear 0s, background-color 0.25s linear 0s;\r\n}\r\n\r\n.profilepress-login-status a {\r\n  color: #ea9629 !important;\r\n}\r\n\r\n\/*\r\nThis login form uses the FlatUI css stylesheet that ships with the plugin hence this look.\r\nIt's actually very pretty when implemented.\r\n*\/\r\n<\/style>\r\n\r\n<form method=\"post\"><div class=\"login-form\">\r\n<p>Please creat an account to read JAFICO blog! \r\nWe usually update news about Japan legal for foreigner and provide you FREE Japanese hot job!...<\/p>\r\n<p>\u1ee8ng vi\u00ean vui l\u00f2ng t\u1ea1o t\u00e0i kho\u1ea3n \u0111\u1ec3 xem n\u1ed9i dung tin tuy\u1ec3n d\u1ee5ng c\u1ee7a JAFICO! \r\nCh\u00fang t\u00f4i cung c\u1ea5p vi\u1ec7c l\u00e0m mi\u1ec5n ph\u00ed v\u00e0 lu\u00f4n c\u1eadp nh\u1eadt tin t\u1ee9c m\u1edbi nh\u1ea5t v\u1ec1 lu\u1eadt ph\u00e1p Nh\u1eadt B\u1ea3n...<\/p>\r\n<div class=\"form-group\">\r\n<input name=\"login_username\" type=\"text\" value=\"\" title=\"\" class=\"form-control login-field\" placeholder=\"username or email\" id=\"login-name\" required=\"required\" \/>\r\n<label class=\"login-field-icon fui-user\" for=\"login-name\"><\/label>\r\n<\/div>\r\n\r\n<div class=\"form-group\">\r\n<input name='login_password' type='password' title=\"\" value=\"\" class=\"form-control login-field\" placeholder=\"password\" id=\"login-pass\" required='required' \/>\r\n<label class=\"login-field-icon fui-lock\" for=\"login-pass\"><\/label>\r\n<\/div>\r\n\r\n<div class=\"form-group\">\r\n<input name='login_remember' value='true' type='checkbox' title=\"\" class=\"flat-checkbox\" id=\"remember-me\" checked='checked' \/>\r\n<label for=\"remember-me\" class=\"css-label lite-cyan-check\">Remember me<\/label>\r\n<\/div>\r\n\r\n<input type='submit' name=\"login_submit\" title=\"\" class=\"btn btn-primary btn-lg btn-block\" id=\"\" value=\"Sign In\" \/>\r\n\r\n\r\n<div class=\"form-group\"><br\/>\r\n<a href=\"https:\/\/www.jafico.tokyo\/job-view\/sign-up\/\" title=\"\" class=\"reg\" id=\"\">Register<\/a> | <a href=\"https:\/\/www.jafico.tokyo\/job-view\/reset-password\/\"title=\"\" class=\"lostp\" id=\"\">Forgot Password?<\/a> | <a href=\"https:\/\/www.jafico.tokyo\/job-view\/support\/\">H\u01b0\u1edbng d\u1eabn c\u00e1ch t\u1ea1o t\u00e0i kho\u1ea3n !<\/a>\r\n<\/div>\r\n<\/div>\r\n<\/form>\n","protected":false},"excerpt":{"rendered":"Please creat an account to read JAFICO blog! We usually update news about Japan legal for foreigner and provid [&hellip;]","protected":false},"author":1,"featured_media":0,"parent":0,"menu_order":0,"comment_status":"closed","ping_status":"closed","template":"","meta":{"amp_status":"","footnotes":""},"class_list":["post-2204","page","type-page","status-publish","hentry"],"_links":{"self":[{"href":"https:\/\/www.jafico.tokyo\/job-view\/wp-json\/wp\/v2\/pages\/2204","targetHints":{"allow":["GET"]}}],"collection":[{"href":"https:\/\/www.jafico.tokyo\/job-view\/wp-json\/wp\/v2\/pages"}],"about":[{"href":"https:\/\/www.jafico.tokyo\/job-view\/wp-json\/wp\/v2\/types\/page"}],"author":[{"embeddable":true,"href":"https:\/\/www.jafico.tokyo\/job-view\/wp-json\/wp\/v2\/users\/1"}],"replies":[{"embeddable":true,"href":"https:\/\/www.jafico.tokyo\/job-view\/wp-json\/wp\/v2\/comments?post=2204"}],"version-history":[{"count":0,"href":"https:\/\/www.jafico.tokyo\/job-view\/wp-json\/wp\/v2\/pages\/2204\/revisions"}],"wp:attachment":[{"href":"https:\/\/www.jafico.tokyo\/job-view\/wp-json\/wp\/v2\/media?parent=2204"}],"curies":[{"name":"wp","href":"https:\/\/api.w.org\/{rel}","templated":true}]}}